{"id":1938,"date":"2021-11-09T04:18:43","date_gmt":"2021-11-09T04:18:43","guid":{"rendered":"https:\/\/demo.bravisthemes.com\/muntech\/?page_id=1938"},"modified":"2025-11-24T23:36:33","modified_gmt":"2025-11-24T22:36:33","slug":"nosotros","status":"publish","type":"page","link":"https:\/\/admision.unat.edu.pe\/2\/nosotros\/","title":{"rendered":"Nosotros"},"content":{"rendered":"\t\t<div data-elementor-type=\"wp-page\" data-elementor-id=\"1938\" class=\"elementor elementor-1938\">\n\t\t\t\t        <section class=\"elementor-section elementor-top-section elementor-element elementor-element-921ed58 elementor-section-stretched elementor-section-boxed elementor-section-height-default elementor-section-height-default ct-header-fixed-none header-none c1230-none c1350-none c1390-none c1450-none ct-column-none ct-row-scroll-none\" data-id=\"921ed58\" data-element_type=\"section\" data-settings=\"{&quot;stretch_section&quot;:&quot;section-stretched&quot;}\">\n            \n                        <div class=\"elementor-container elementor-column-gap-default \">\n                    <div class=\"elementor-column elementor-col-50 elementor-top-column elementor-element elementor-element-0fe2362 ct-column-none col-offset-none\" data-id=\"0fe2362\" data-element_type=\"column\">\n        <div class=\"elementor-widget-wrap elementor-element-populated\">\n                    \n        \t\t<div class=\"elementor-element elementor-element-7202504 elementor-invisible elementor-widget elementor-widget-ct_heading\" data-id=\"7202504\" data-element_type=\"widget\" data-settings=\"{&quot;_animation&quot;:&quot;fadeInUp&quot;}\" data-widget_type=\"ct_heading.default\">\n\t\t\t\t<div class=\"elementor-widget-container\">\n\t\t\t\t\t<div class=\"ct-heading h-align- item-st-default\">\r\n\t\t\t<div class=\"item--sub-title style-default\">\r\n            <span>\r\n                                UNAT            <\/span>\r\n        <\/div>\r\n\t    <h3 class=\"item--title case-animate-time st-default \" data-wow-delay=\"ms\">\r\n        <span>Direcci\u00f3n de Admisi\u00f3n<\/span>    <\/h3>\r\n<\/div>\r\n\r\n\t\t\t\t<\/div>\n\t\t\t\t<\/div>\n\t\t\t\t<div class=\"elementor-element elementor-element-d939f4a elementor-widget elementor-widget-ct_text_editor\" data-id=\"d939f4a\" data-element_type=\"widget\" data-widget_type=\"ct_text_editor.default\">\n\t\t\t\t<div class=\"elementor-widget-container\">\n\t\t\t\t\t<div id=\"ct_text_editor-d939f4a\" class=\"ct-text-editor \" data-wow-delay=\"ms\">\n\t<div class=\"ct-inline-css\"  data-css=\"\n        \t\t\">\n\n    <\/div>\n\t<div class=\"ct-text-editor elementor-clearfix\">\n\t\t<h5 style=\"text-align: justify\"><strong><span style=\"color: #ffffff\"> La Universidad Nacional Aut\u00f3noma de Tayacaja Daniel Hern\u00e1ndez Morillo, establecida mediante la Ley N\u00b0 29716, cuenta con una Comisi\u00f3n Organizadora, recientemente reconformada por medio de la Resoluci\u00f3n Viceministerial N\u00b0 088-2022-MINEDU. Dicha comisi\u00f3n est\u00e1 integrada por el DR.\u00a0<\/span><\/strong><span style=\"color: #ffffff\">Hugo Alfredo Huamani Yupanqui<\/span><strong style=\"letter-spacing: 0px\"><span style=\"color: #ffffff\">\u00a0en calidad de presidente, el Dr.\u00a0<\/span><\/strong><span style=\"color: #ffffff\">Jorge Lazaro Franco Medina<\/span><span style=\"letter-spacing: 0px;color: #ffffff\">\u00a0como vicepresidente acad\u00e9mico y la Dr. <\/span><span style=\"color: #ffffff\">Alfredo Cesar Larios Franco<\/span><span style=\"letter-spacing: 0px;color: #ffffff\">\u00a0desempe\u00f1ando el cargo de vicepresidente de Investigaci\u00f3n.<\/span><\/h5><h5 style=\"text-align: justify\"><strong><span style=\"color: #ffffff\">Estos distinguidos profesionales, en su calidad de miembros de la Comisi\u00f3n Organizadora, han asumido el compromiso ferviente de impulsar el desarrollo de la primera instituci\u00f3n universitaria en Tayacaja. Su liderazgo y dedicaci\u00f3n son fundamentales para garantizar el \u00e9xito y la excelencia en todas las \u00e1reas acad\u00e9micas e investigativas de la universidad.<\/span><\/strong><\/h5>\t\t\n\t<\/div>\n<\/div>\t\t\t\t<\/div>\n\t\t\t\t<\/div>\n\t\t            <\/div>\n        <\/div>\n                <div class=\"elementor-column elementor-col-50 elementor-top-column elementor-element elementor-element-f0589cd ct-column-none col-offset-none\" data-id=\"f0589cd\" data-element_type=\"column\">\n        <div class=\"elementor-widget-wrap elementor-element-populated\">\n                    \n                <section class=\"elementor-section elementor-inner-section elementor-element elementor-element-2cfdffa elementor-section-boxed elementor-section-height-default elementor-section-height-default ct-header-fixed-none header-none c1230-none c1350-none c1390-none c1450-none ct-column-none ct-row-scroll-none\" data-id=\"2cfdffa\" data-element_type=\"section\">\n            \n                        <div class=\"elementor-container elementor-column-gap-default \">\n                    <div class=\"elementor-column elementor-col-100 elementor-inner-column elementor-element elementor-element-8c20169 ct-column-none col-offset-none\" data-id=\"8c20169\" data-element_type=\"column\">\n        <div class=\"elementor-widget-wrap\">\n                    \n                    <\/div>\n        <\/div>\n                    <\/div>\n        <\/section>\n        \t\t<div class=\"elementor-element elementor-element-151bb0f elementor-invisible elementor-widget elementor-widget-image\" data-id=\"151bb0f\" data-element_type=\"widget\" data-settings=\"{&quot;_animation&quot;:&quot;fadeInDown&quot;}\" data-widget_type=\"image.default\">\n\t\t\t\t<div class=\"elementor-widget-container\">\n\t\t\t\t\t\t\t\t\t\t\t\t\t\t\t<img fetchpriority=\"high\" decoding=\"async\" width=\"640\" height=\"480\" src=\"https:\/\/admision.unat.edu.pe\/2\/wp-content\/uploads\/2025\/11\/SUBPORTADA-1024x768.jpeg\" class=\"attachment-large size-large wp-image-10252\" alt=\"\" srcset=\"https:\/\/admision.unat.edu.pe\/2\/wp-content\/uploads\/2025\/11\/SUBPORTADA-1024x768.jpeg 1024w, https:\/\/admision.unat.edu.pe\/2\/wp-content\/uploads\/2025\/11\/SUBPORTADA-300x225.jpeg 300w, https:\/\/admision.unat.edu.pe\/2\/wp-content\/uploads\/2025\/11\/SUBPORTADA-768x576.jpeg 768w, https:\/\/admision.unat.edu.pe\/2\/wp-content\/uploads\/2025\/11\/SUBPORTADA-1536x1152.jpeg 1536w, https:\/\/admision.unat.edu.pe\/2\/wp-content\/uploads\/2025\/11\/SUBPORTADA.jpeg 1600w\" sizes=\"(max-width: 640px) 100vw, 640px\" \/>\t\t\t\t\t\t\t\t\t\t\t\t\t\t\t<\/div>\n\t\t\t\t<\/div>\n\t\t            <\/div>\n        <\/div>\n                    <\/div>\n        <\/section>\n                <section class=\"elementor-section elementor-top-section elementor-element elementor-element-7502bb5 elementor-section-content-bottom elementor-section-stretched elementor-section-boxed elementor-section-height-default elementor-section-height-default ct-header-fixed-none header-none c1230-none c1350-none c1390-none c1450-none ct-column-none ct-row-scroll-none\" data-id=\"7502bb5\" data-element_type=\"section\" data-settings=\"{&quot;stretch_section&quot;:&quot;section-stretched&quot;}\">\n            \n                        <div class=\"elementor-container elementor-column-gap-default \">\n                    <div class=\"elementor-column elementor-col-50 elementor-top-column elementor-element elementor-element-b8a3057 ct-column-none col-offset-none\" data-id=\"b8a3057\" data-element_type=\"column\">\n        <div class=\"elementor-widget-wrap elementor-element-populated\">\n                    \n        \t\t<div class=\"elementor-element elementor-element-9c7c80a elementor-invisible elementor-widget elementor-widget-ct_heading\" data-id=\"9c7c80a\" data-element_type=\"widget\" data-settings=\"{&quot;_animation&quot;:&quot;zoomInLeft&quot;}\" data-widget_type=\"ct_heading.default\">\n\t\t\t\t<div class=\"elementor-widget-container\">\n\t\t\t\t\t<div class=\"ct-heading h-align- item-st-default\">\r\n\t\t\t<div class=\"item--sub-title style-default\">\r\n            <span>\r\n                                Direcci\u00f3n de Admisi\u00f3n            <\/span>\r\n        <\/div>\r\n\t    <h3 class=\"item--title case-animate-time st-default rubberBand\" data-wow-delay=\"ms\">\r\n        <span>Comisi\u00f3n Organizadora - UNAT<\/span>    <\/h3>\r\n<\/div>\r\n\r\n\t\t\t\t<\/div>\n\t\t\t\t<\/div>\n\t\t            <\/div>\n        <\/div>\n                <div class=\"elementor-column elementor-col-50 elementor-top-column elementor-element elementor-element-a83a451 ct-column-none col-offset-none\" data-id=\"a83a451\" data-element_type=\"column\">\n        <div class=\"elementor-widget-wrap\">\n                    \n                    <\/div>\n        <\/div>\n                    <\/div>\n        <\/section>\n                <section class=\"elementor-section elementor-top-section elementor-element elementor-element-9fdbbc9 elementor-section-stretched elementor-section-boxed elementor-section-height-default elementor-section-height-default ct-header-fixed-none header-none c1230-none c1350-none c1390-none c1450-none ct-column-none ct-row-scroll-none elementor-invisible\" data-id=\"9fdbbc9\" data-element_type=\"section\" data-settings=\"{&quot;stretch_section&quot;:&quot;section-stretched&quot;,&quot;animation&quot;:&quot;fadeInUp&quot;}\">\n            \n                        <div class=\"elementor-container elementor-column-gap-default \">\n                    <div class=\"elementor-column elementor-col-100 elementor-top-column elementor-element elementor-element-dcf0126 ct-column-none col-offset-none\" data-id=\"dcf0126\" data-element_type=\"column\">\n        <div class=\"elementor-widget-wrap elementor-element-populated\">\n                    \n        \t\t<div class=\"elementor-element elementor-element-e38f674 elementor-widget elementor-widget-ct_team_grid\" data-id=\"e38f674\" data-element_type=\"widget\" data-widget_type=\"ct_team_grid.default\">\n\t\t\t\t<div class=\"elementor-widget-container\">\n\t\t\t\t\t<div class=\"ct-grid ct-team ct-team-grid2\">\r\n    <div class=\"ct-grid-inner ct-grid-masonry row animate-time\" data-gutter=\"7\">\r\n                <div class=\"grid-item col-xl-3 col-lg-4 col-md-6 col-sm-6 col-12\">\r\n            <div class=\"item--inner bg-image \" data-wow-duration=\"1.2s\">\r\n                <div class=\"body-front\">\r\n                                            <div class=\"item--image\">\r\n                            <div class=\"wrap-image\">\r\n                                <a href=\"http:\/\/unat.edu.pe\/quienes-somos\/\"><img decoding=\"async\" class=\"no-lazyload \" src=\"https:\/\/admision.unat.edu.pe\/2\/wp-content\/uploads\/2025\/11\/Hugo-Huaman-270x334.png\" width=\"270\" height=\"334\" alt=\"Hugo-Huaman\" title=\"Hugo-Huaman\" \/><\/a>                                                                                    <\/div>\r\n                        <\/div>\r\n                                        <div class=\"item--title\">    \r\n                        <a href=\"http:\/\/unat.edu.pe\/quienes-somos\/\">Dr. Hugo Alfredo Huamani Yupanqui<\/a>                    <\/div>\r\n                    <div class=\"item--position\">Presidente de la Comisi\u00f3n Organizadora  - UNAT<\/div>\r\n                    <div class=\"iconplus\">\r\n                        <i class=\"fas fa-plus\"><\/i>\r\n                    <\/div>\r\n                <\/div>\r\n                <div class=\"backside\">\r\n                    <div class=\"item--dec\">    \r\n                                            <\/div>\r\n                    <div class=\"item--title\">    \r\n                        <a href=\"http:\/\/unat.edu.pe\/quienes-somos\/\">Dr. Hugo Alfredo Huamani Yupanqui<\/a>                    <\/div>\r\n                    <div class=\"item--position\">Presidente de la Comisi\u00f3n Organizadora  - UNAT<\/div>\r\n                    <div class=\"item--social\">\r\n                        <div class=\"inner-social\">\r\n                                                    <\/div>\r\n                    <\/div>\r\n                                            <div class=\"item--image\">\r\n                            <a href=\"http:\/\/unat.edu.pe\/quienes-somos\/\"><img decoding=\"async\" class=\"no-lazyload \" src=\"https:\/\/admision.unat.edu.pe\/2\/wp-content\/uploads\/2025\/11\/Hugo-Huaman-270x334.png\" width=\"270\" height=\"334\" alt=\"Hugo-Huaman\" title=\"Hugo-Huaman\" \/><\/a>                                                                                <\/div>\r\n                                        <div class=\"button-team\">\r\n                        <a href=\"http:\/\/unat.edu.pe\/quienes-somos\/\">Read More <i class=\"fas fa-plus\"><\/i><\/a>                    <\/div>\r\n                <\/div>\r\n            <\/div>\r\n        <\/div>\r\n            <div class=\"grid-item col-xl-3 col-lg-4 col-md-6 col-sm-6 col-12\">\r\n            <div class=\"item--inner bg-image \" data-wow-duration=\"1.2s\">\r\n                <div class=\"body-front\">\r\n                                            <div class=\"item--image\">\r\n                            <div class=\"wrap-image\">\r\n                                <a href=\"http:\/\/unat.edu.pe\/quienes-somos\/\"><img decoding=\"async\" class=\"no-lazyload \" src=\"https:\/\/admision.unat.edu.pe\/2\/wp-content\/uploads\/2025\/11\/Dr.-Franco-pequeno.png\" width=\"199\" height=\"200\" alt=\"Dr. Franco peque\u00f1o\" title=\"Dr. Franco peque\u00f1o\" \/><\/a>                                                                                    <\/div>\r\n                        <\/div>\r\n                                        <div class=\"item--title\">    \r\n                        <a href=\"http:\/\/unat.edu.pe\/quienes-somos\/\">Dr. Jorge Lazaro Franco Medina<\/a>                    <\/div>\r\n                    <div class=\"item--position\">Vicepresidente Acad\u00e9mico de la Comisi\u00f3n Organizadora  - UNAT<\/div>\r\n                    <div class=\"iconplus\">\r\n                        <i class=\"fas fa-plus\"><\/i>\r\n                    <\/div>\r\n                <\/div>\r\n                <div class=\"backside\">\r\n                    <div class=\"item--dec\">    \r\n                                            <\/div>\r\n                    <div class=\"item--title\">    \r\n                        <a href=\"http:\/\/unat.edu.pe\/quienes-somos\/\">Dr. Jorge Lazaro Franco Medina<\/a>                    <\/div>\r\n                    <div class=\"item--position\">Vicepresidente Acad\u00e9mico de la Comisi\u00f3n Organizadora  - UNAT<\/div>\r\n                    <div class=\"item--social\">\r\n                        <div class=\"inner-social\">\r\n                                                    <\/div>\r\n                    <\/div>\r\n                                            <div class=\"item--image\">\r\n                            <a href=\"http:\/\/unat.edu.pe\/quienes-somos\/\"><img decoding=\"async\" class=\"no-lazyload \" src=\"https:\/\/admision.unat.edu.pe\/2\/wp-content\/uploads\/2025\/11\/Dr.-Franco-pequeno.png\" width=\"199\" height=\"200\" alt=\"Dr. Franco peque\u00f1o\" title=\"Dr. Franco peque\u00f1o\" \/><\/a>                                                                                <\/div>\r\n                                        <div class=\"button-team\">\r\n                        <a href=\"http:\/\/unat.edu.pe\/quienes-somos\/\">Read More <i class=\"fas fa-plus\"><\/i><\/a>                    <\/div>\r\n                <\/div>\r\n            <\/div>\r\n        <\/div>\r\n            <div class=\"grid-item col-xl-3 col-lg-4 col-md-6 col-sm-6 col-12\">\r\n            <div class=\"item--inner bg-image \" data-wow-duration=\"1.2s\">\r\n                <div class=\"body-front\">\r\n                                            <div class=\"item--image\">\r\n                            <div class=\"wrap-image\">\r\n                                <a href=\"http:\/\/unat.edu.pe\/quienes-somos\/\"><img loading=\"lazy\" decoding=\"async\" class=\"no-lazyload \" src=\"https:\/\/admision.unat.edu.pe\/2\/wp-content\/uploads\/2025\/11\/Larios-pequeno.png\" width=\"199\" height=\"200\" alt=\"Larios peque\u00f1o\" title=\"Larios peque\u00f1o\" \/><\/a>                                                                                    <\/div>\r\n                        <\/div>\r\n                                        <div class=\"item--title\">    \r\n                        <a href=\"http:\/\/unat.edu.pe\/quienes-somos\/\">Dr. Alfredo Cesar Larios Franco<\/a>                    <\/div>\r\n                    <div class=\"item--position\">Vicepresidente de Investigaci\u00f3n de la Comisi\u00f3n Organizadora  - UNAT<\/div>\r\n                    <div class=\"iconplus\">\r\n                        <i class=\"fas fa-plus\"><\/i>\r\n                    <\/div>\r\n                <\/div>\r\n                <div class=\"backside\">\r\n                    <div class=\"item--dec\">    \r\n                                            <\/div>\r\n                    <div class=\"item--title\">    \r\n                        <a href=\"http:\/\/unat.edu.pe\/quienes-somos\/\">Dr. Alfredo Cesar Larios Franco<\/a>                    <\/div>\r\n                    <div class=\"item--position\">Vicepresidente de Investigaci\u00f3n de la Comisi\u00f3n Organizadora  - UNAT<\/div>\r\n                    <div class=\"item--social\">\r\n                        <div class=\"inner-social\">\r\n                                                    <\/div>\r\n                    <\/div>\r\n                                            <div class=\"item--image\">\r\n                            <a href=\"http:\/\/unat.edu.pe\/quienes-somos\/\"><img loading=\"lazy\" decoding=\"async\" class=\"no-lazyload \" src=\"https:\/\/admision.unat.edu.pe\/2\/wp-content\/uploads\/2025\/11\/Larios-pequeno.png\" width=\"199\" height=\"200\" alt=\"Larios peque\u00f1o\" title=\"Larios peque\u00f1o\" \/><\/a>                                                                                <\/div>\r\n                                        <div class=\"button-team\">\r\n                        <a href=\"http:\/\/unat.edu.pe\/quienes-somos\/\">Read More <i class=\"fas fa-plus\"><\/i><\/a>                    <\/div>\r\n                <\/div>\r\n            <\/div>\r\n        <\/div>\r\n            <div class=\"grid-item col-xl-3 col-lg-4 col-md-6 col-sm-6 col-12\">\r\n            <div class=\"item--inner bg-image \" data-wow-duration=\"1.2s\">\r\n                <div class=\"body-front\">\r\n                                            <div class=\"item--image\">\r\n                            <div class=\"wrap-image\">\r\n                                <a href=\"http:\/\/unat.edu.pe\/quienes-somos\/\"><img loading=\"lazy\" decoding=\"async\" class=\"no-lazyload \" src=\"https:\/\/admision.unat.edu.pe\/2\/wp-content\/uploads\/2025\/06\/Admision.png\" width=\"200\" height=\"200\" alt=\"Admision\" title=\"Admision\" \/><\/a>                                                                                    <\/div>\r\n                        <\/div>\r\n                                        <div class=\"item--title\">    \r\n                        <a href=\"http:\/\/unat.edu.pe\/quienes-somos\/\">M.Sc. Aron Jhonatan Aliaga Contreras<\/a>                    <\/div>\r\n                    <div class=\"item--position\">Director de Admisi\u00f3n - UNAT<\/div>\r\n                    <div class=\"iconplus\">\r\n                        <i class=\"fas fa-plus\"><\/i>\r\n                    <\/div>\r\n                <\/div>\r\n                <div class=\"backside\">\r\n                    <div class=\"item--dec\">    \r\n                                            <\/div>\r\n                    <div class=\"item--title\">    \r\n                        <a href=\"http:\/\/unat.edu.pe\/quienes-somos\/\">M.Sc. Aron Jhonatan Aliaga Contreras<\/a>                    <\/div>\r\n                    <div class=\"item--position\">Director de Admisi\u00f3n - UNAT<\/div>\r\n                    <div class=\"item--social\">\r\n                        <div class=\"inner-social\">\r\n                                                    <\/div>\r\n                    <\/div>\r\n                                            <div class=\"item--image\">\r\n                            <a href=\"http:\/\/unat.edu.pe\/quienes-somos\/\"><img loading=\"lazy\" decoding=\"async\" class=\"no-lazyload \" src=\"https:\/\/admision.unat.edu.pe\/2\/wp-content\/uploads\/2025\/06\/Admision.png\" width=\"200\" height=\"200\" alt=\"Admision\" title=\"Admision\" \/><\/a>                                                                                <\/div>\r\n                                        <div class=\"button-team\">\r\n                        <a href=\"http:\/\/unat.edu.pe\/quienes-somos\/\">Read More <i class=\"fas fa-plus\"><\/i><\/a>                    <\/div>\r\n                <\/div>\r\n            <\/div>\r\n        <\/div>\r\n        <div class=\"grid-sizer col-xl-3 col-lg-4 col-md-6 col-sm-6 col-12\"><\/div>\r\n<\/div>\r\n<\/div>\r\n\t\t\t\t<\/div>\n\t\t\t\t<\/div>\n\t\t            <\/div>\n        <\/div>\n                    <\/div>\n        <\/section>\n        <div class=\"elementor-element elementor-element-8574433 e-flex e-con-boxed e-con e-parent\" data-id=\"8574433\" data-element_type=\"container\">\n\t\t\t\t\t<div class=\"e-con-inner\">\n\t\t\t\t<div class=\"elementor-element elementor-element-d2ae13b elementor-widget elementor-widget-spacer\" data-id=\"d2ae13b\" data-element_type=\"widget\" data-widget_type=\"spacer.default\">\n\t\t\t\t<div class=\"elementor-widget-container\">\n\t\t\t\t\t\t\t<div class=\"elementor-spacer\">\n\t\t\t<div class=\"elementor-spacer-inner\"><\/div>\n\t\t<\/div>\n\t\t\t\t\t\t<\/div>\n\t\t\t\t<\/div>\n\t\t\t\t\t<\/div>\n\t\t\t\t<\/div>\n\t\t\t\t<\/div>\n\t\t","protected":false},"excerpt":{"rendered":"<p>UNAT Direcci\u00f3n de Admisi\u00f3n La Universidad Nacional Aut\u00f3noma de Tayacaja Daniel Hern\u00e1ndez Morillo, establecida mediante la Ley N\u00b0 29716, cuenta con una Comisi\u00f3n Organizadora, recientemente reconformada por medio de la Resoluci\u00f3n Viceministerial N\u00b0 088-2022-MINEDU. Dicha comisi\u00f3n est\u00e1 integrada por el DR.\u00a0Hugo Alfredo Huamani Yupanqui\u00a0en calidad de presidente, el Dr.\u00a0Jorge Lazaro Franco Medina\u00a0como vicepresidente acad\u00e9mico y [&hellip;]<\/p>\n","protected":false},"author":1,"featured_media":0,"parent":0,"menu_order":0,"comment_status":"closed","ping_status":"closed","template":"","meta":{"footnotes":""},"class_list":["post-1938","page","type-page","status-publish","hentry"],"_links":{"self":[{"href":"https:\/\/admision.unat.edu.pe\/2\/wp-json\/wp\/v2\/pages\/1938","targetHints":{"allow":["GET"]}}],"collection":[{"href":"https:\/\/admision.unat.edu.pe\/2\/wp-json\/wp\/v2\/pages"}],"about":[{"href":"https:\/\/admision.unat.edu.pe\/2\/wp-json\/wp\/v2\/types\/page"}],"author":[{"embeddable":true,"href":"https:\/\/admision.unat.edu.pe\/2\/wp-json\/wp\/v2\/users\/1"}],"replies":[{"embeddable":true,"href":"https:\/\/admision.unat.edu.pe\/2\/wp-json\/wp\/v2\/comments?post=1938"}],"version-history":[{"count":97,"href":"https:\/\/admision.unat.edu.pe\/2\/wp-json\/wp\/v2\/pages\/1938\/revisions"}],"predecessor-version":[{"id":10255,"href":"https:\/\/admision.unat.edu.pe\/2\/wp-json\/wp\/v2\/pages\/1938\/revisions\/10255"}],"wp:attachment":[{"href":"https:\/\/admision.unat.edu.pe\/2\/wp-json\/wp\/v2\/media?parent=1938"}],"curies":[{"name":"wp","href":"https:\/\/api.w.org\/{rel}","templated":true}]}}